{"id":28249,"date":"2022-02-07T13:54:46","date_gmt":"2022-02-07T13:54:46","guid":{"rendered":"https:\/\/group1vestrentals.com\/?page_id=28249"},"modified":"2025-12-05T11:19:33","modified_gmt":"2025-12-05T11:19:33","slug":"quienes-somos","status":"publish","type":"page","link":"https:\/\/group1vestrentals.com\/fr\/quienes-somos\/","title":{"rendered":"Qui sommes-nous?"},"content":{"rendered":"<div data-elementor-type=\"wp-page\" data-elementor-id=\"28249\" class=\"elementor elementor-28249\" data-elementor-post-type=\"page\">\n\t\t\t\t\t\t<section class=\"elementor-section elementor-top-section elementor-element elementor-element-3cf2646c elementor-section-stretched elementor-section-boxed elementor-section-height-default elementor-section-height-default\" data-id=\"3cf2646c\" data-element_type=\"section\" data-settings=\"{&quot;stretch_section&quot;:&quot;section-stretched&quot;,&quot;background_background&quot;:&quot;classic&quot;}\">\n\t\t\t\t\t\t\t<div class=\"elementor-background-overlay\"><\/div>\n\t\t\t\t\t\t\t<div class=\"elementor-container elementor-column-gap-extended\">\n\t\t\t\t\t<div class=\"elementor-column elementor-col-100 elementor-top-column elementor-element elementor-element-7f9f3feb\" data-id=\"7f9f3feb\" data-element_type=\"column\">\n\t\t\t<div class=\"elementor-widget-wrap elementor-element-populated\">\n\t\t\t\t\t\t<section class=\"elementor-section elementor-inner-section elementor-element elementor-element-7f49764f elementor-section-boxed elementor-section-height-default elementor-section-height-default\" data-id=\"7f49764f\" data-element_type=\"section\" data-settings=\"{&quot;background_background&quot;:&quot;classic&quot;}\">\n\t\t\t\t\t\t\t<div class=\"elementor-background-overlay\"><\/div>\n\t\t\t\t\t\t\t<div class=\"elementor-container elementor-column-gap-default\">\n\t\t\t\t\t<div class=\"elementor-column elementor-col-100 elementor-inner-column elementor-element elementor-element-19560732\" data-id=\"19560732\" data-element_type=\"column\">\n\t\t\t<div class=\"elementor-widget-wrap elementor-element-populated\">\n\t\t\t\t\t\t<div class=\"elementor-element elementor-element-53a9b264 elementor-widget elementor-widget-spacer\" data-id=\"53a9b264\" data-element_type=\"widget\" data-widget_type=\"spacer.default\">\n\t\t\t\t<div class=\"elementor-widget-container\">\n\t\t\t\t\t<div class=\"elementor-spacer\">\n\t\t\t<div class=\"elementor-spacer-inner\"><\/div>\n\t\t<\/div>\n\t\t\t\t<\/div>\n\t\t\t\t<\/div>\n\t\t\t\t<div class=\"elementor-element elementor-element-446cc4c9 elementor-widget elementor-widget-heading\" data-id=\"446cc4c9\" data-element_type=\"widget\" data-widget_type=\"heading.default\">\n\t\t\t\t<div class=\"elementor-widget-container\">\n\t\t\t<h1 class=\"elementor-heading-title elementor-size-default\">A propos de nous<\/h1>\t\t<\/div>\n\t\t\t\t<\/div>\n\t\t\t\t<div class=\"elementor-element elementor-element-572ec13b elementor-widget elementor-widget-spacer\" data-id=\"572ec13b\" data-element_type=\"widget\" data-widget_type=\"spacer.default\">\n\t\t\t\t<div class=\"elementor-widget-container\">\n\t\t\t\t\t<div class=\"elementor-spacer\">\n\t\t\t<div class=\"elementor-spacer-inner\"><\/div>\n\t\t<\/div>\n\t\t\t\t<\/div>\n\t\t\t\t<\/div>\n\t\t\t\t\t<\/div>\n\t\t<\/div>\n\t\t\t\t\t<\/div>\n\t\t<\/section>\n\t\t\t\t\t<\/div>\n\t\t<\/div>\n\t\t\t\t\t<\/div>\n\t\t<\/section>\n\t\t\t\t<section class=\"elementor-section elementor-top-section elementor-element elementor-element-905f795 elementor-section-boxed elementor-section-height-default elementor-section-height-default\" data-id=\"905f795\" data-element_type=\"section\">\n\t\t\t\t\t\t<div class=\"elementor-container elementor-column-gap-default\">\n\t\t\t\t\t<div class=\"elementor-column elementor-col-100 elementor-top-column elementor-element elementor-element-1b64c55\" data-id=\"1b64c55\" data-element_type=\"column\">\n\t\t\t<div class=\"elementor-widget-wrap elementor-element-populated\">\n\t\t\t\t\t\t<div class=\"elementor-element elementor-element-1b652756 elementor-widget elementor-widget-heading\" data-id=\"1b652756\" data-element_type=\"widget\" data-widget_type=\"heading.default\">\n\t\t\t\t<div class=\"elementor-widget-container\">\n\t\t\t<h1 class=\"elementor-heading-title elementor-size-default\">Group1Vest Rentals<\/h1>\t\t<\/div>\n\t\t\t\t<\/div>\n\t\t\t\t<div class=\"elementor-element elementor-element-2f7138e elementor-widget elementor-widget-text-editor\" data-id=\"2f7138e\" data-element_type=\"widget\" data-widget_type=\"text-editor.default\">\n\t\t\t\t<div class=\"elementor-widget-container\">\n\t\t\t\t\t\t\t<p>Sp\u00e9cialistes dans la gestion locative depuis de nombreuses ann\u00e9es, nous prenons \u00e0 c\u0153ur notre r\u00f4le d\u2019interm\u00e9diaire entre des propri\u00e9taires d\u00e9sireux de louer leur bien en toute tranquillit\u00e9 et des locataires qui sont \u00e0 la recherche de leur lieu de vacances de r\u00eave.<\/p><p>Pour que tout cela soit possible et que chacun puisse y trouver son compte, nous mettons un point d\u2019honneur \u00e0 choyer les propri\u00e9taires et \u00e0 fournir aux locataires un service de qualit\u00e9, une \u00e9quipe comp\u00e9tente et \u00e0 l\u2019\u00e9coute.<\/p><p>Como parte de Group-1Vest Properties, 1Vest-Holiday ofrece tambi\u00e9n su servicio de intermediaci\u00f3n en compraventa de inmuebles. Si est\u00e1 interesado en vender su vivienda, nuestro equipo comercial se encarga en anunciarla en nuestras p\u00e1ginas web; <a href=\"http:\/\/www.1vest-immo.com\/\" target=\"_blank\" rel=\"noopener\" data-saferedirecturl=\"https:\/\/www.google.com\/url?q=http:\/\/www.1vest-immo.com&amp;source=gmail&amp;ust=1764990493910000&amp;usg=AOvVaw1TO1h3JKxLSy67Cx16l4Qk\">www.1vest-immo.com<\/a>, <a href=\"http:\/\/www.1vest-luxuryproperty.com\/\" target=\"_blank\" rel=\"noopener\" data-saferedirecturl=\"https:\/\/www.google.com\/url?q=http:\/\/www.1vest-luxuryproperty.com&amp;source=gmail&amp;ust=1764990493910000&amp;usg=AOvVaw3Zj3RNuuGFbx7kqDjtC1Nv\">www.1vest-luxuryproperty.com<\/a> y <a href=\"http:\/\/www.marbellabesthome.com\/\" target=\"_blank\" rel=\"noopener\" data-saferedirecturl=\"https:\/\/www.google.com\/url?q=http:\/\/www.marbellabesthome.com&amp;source=gmail&amp;ust=1764990493910000&amp;usg=AOvVaw3C6bfahXOyrCxbuxEzbn5E\">www.marbellabesthome.com<\/a>, as\u00ed como tambi\u00e9n en varios portales inmobiliarios y en la red inter-agencias inmobiliarias (resales-online). Por: Como parte de Group1Vest Properties, Group1Vest Rentals ofrece tambi\u00e9n su servicio de intermediaci\u00f3n en compraventa de inmuebles. Si est\u00e1 interesado en vender su vivienda, nuestro equipo comercial se encarga en anunciarla en nuestras p\u00e1ginas web; <a href=\"http:\/\/www.group1vest.com\/\" target=\"_blank\" rel=\"noopener\" data-saferedirecturl=\"https:\/\/www.google.com\/url?q=http:\/\/www.group1vest.com&amp;source=gmail&amp;ust=1764990493910000&amp;usg=AOvVaw34MDHO0ZENXvwcDNMC1Xdk\">www.group1vest.com<\/a>, <a href=\"http:\/\/www.1vest-luxuryproperty.com\/\" target=\"_blank\" rel=\"noopener\" data-saferedirecturl=\"https:\/\/www.google.com\/url?q=http:\/\/www.1vest-luxuryproperty.com&amp;source=gmail&amp;ust=1764990493910000&amp;usg=AOvVaw3Zj3RNuuGFbx7kqDjtC1Nv\">www.1vest-luxuryproperty.com<\/a> y <a href=\"http:\/\/www.marbellabesthome.com\/\" target=\"_blank\" rel=\"noopener\" data-saferedirecturl=\"https:\/\/www.google.com\/url?q=http:\/\/www.marbellabesthome.com&amp;source=gmail&amp;ust=1764990493910000&amp;usg=AOvVaw3C6bfahXOyrCxbuxEzbn5E\">www.marbellabesthome.com<\/a>, as\u00ed como tambi\u00e9n en varios portales inmobiliarios y en la red inter-agencias inmobiliarias (resales-online).<\/p>\t\t\t\t\t\t<\/div>\n\t\t\t\t<\/div>\n\t\t\t\t<div class=\"elementor-element elementor-element-3653154c elementor-widget__width-auto elementor-align-center elementor-invisible elementor-widget elementor-widget-button\" data-id=\"3653154c\" data-element_type=\"widget\" data-settings=\"{&quot;motion_fx_motion_fx_scrolling&quot;:&quot;yes&quot;,&quot;motion_fx_scale_effect&quot;:&quot;yes&quot;,&quot;motion_fx_scale_range&quot;:{&quot;unit&quot;:&quot;%&quot;,&quot;size&quot;:&quot;&quot;,&quot;sizes&quot;:{&quot;start&quot;:50,&quot;end&quot;:100}},&quot;motion_fx_devices&quot;:[&quot;desktop&quot;,&quot;mobile&quot;],&quot;_animation&quot;:&quot;pulse&quot;,&quot;_animation_delay&quot;:600,&quot;motion_fx_scale_direction&quot;:&quot;out-in&quot;,&quot;motion_fx_scale_speed&quot;:{&quot;unit&quot;:&quot;px&quot;,&quot;size&quot;:4,&quot;sizes&quot;:[]}}\" data-widget_type=\"button.default\">\n\t\t\t\t<div class=\"elementor-widget-container\">\n\t\t\t\t\t<div class=\"elementor-button-wrapper\">\n\t\t\t<a class=\"elementor-button elementor-button-link elementor-size-sm elementor-animation-float\" href=\"https:\/\/group1vestrentals.com\/fr\/contacto\/\">\n\t\t\t\t\t\t<span class=\"elementor-button-content-wrapper\">\n\t\t\t\t\t\t\t\t\t<span class=\"elementor-button-text\">Contact<\/span>\n\t\t\t\t\t<\/span>\n\t\t\t\t\t<\/a>\n\t\t<\/div>\n\t\t\t\t<\/div>\n\t\t\t\t<\/div>\n\t\t\t\t\t<\/div>\n\t\t<\/div>\n\t\t\t\t\t<\/div>\n\t\t<\/section>\n\t\t\t\t<\/div>","protected":false},"excerpt":{"rendered":"<p>Sobre Nosotros Group1Vest Rentals Especialistas en la gesti\u00f3n de alquileres desde hace muchos a\u00f1os, nos tomamos muy en serio nuestro papel de intermediarios entre los propietarios, que desean alquilar sus propiedades en total tranquilidad, y los inquilinos, en b\u00fasqueda de su lugar de vacaciones ideal. Para que todo esto sea posible, y para que cada &#8230;<\/p>","protected":false},"author":1,"featured_media":0,"parent":0,"menu_order":0,"comment_status":"closed","ping_status":"closed","template":"","meta":{"footnotes":""},"class_list":["post-28249","page","type-page","status-publish","hentry"],"_links":{"self":[{"href":"https:\/\/group1vestrentals.com\/fr\/wp-json\/wp\/v2\/pages\/28249","targetHints":{"allow":["GET"]}}],"collection":[{"href":"https:\/\/group1vestrentals.com\/fr\/wp-json\/wp\/v2\/pages"}],"about":[{"href":"https:\/\/group1vestrentals.com\/fr\/wp-json\/wp\/v2\/types\/page"}],"author":[{"embeddable":true,"href":"https:\/\/group1vestrentals.com\/fr\/wp-json\/wp\/v2\/users\/1"}],"replies":[{"embeddable":true,"href":"https:\/\/group1vestrentals.com\/fr\/wp-json\/wp\/v2\/comments?post=28249"}],"version-history":[{"count":79,"href":"https:\/\/group1vestrentals.com\/fr\/wp-json\/wp\/v2\/pages\/28249\/revisions"}],"predecessor-version":[{"id":30751,"href":"https:\/\/group1vestrentals.com\/fr\/wp-json\/wp\/v2\/pages\/28249\/revisions\/30751"}],"wp:attachment":[{"href":"https:\/\/group1vestrentals.com\/fr\/wp-json\/wp\/v2\/media?parent=28249"}],"curies":[{"name":"wp","href":"https:\/\/api.w.org\/{rel}","templated":true}]}}