{"id":28551,"date":"2022-04-11T11:12:20","date_gmt":"2022-04-11T11:12:20","guid":{"rendered":"https:\/\/group1vestrentals.com\/?page_id=28551"},"modified":"2022-04-11T11:13:09","modified_gmt":"2022-04-11T11:13:09","slug":"politica-de-privacidad","status":"publish","type":"page","link":"https:\/\/group1vestrentals.com\/en\/politica-de-privacidad\/","title":{"rendered":"Pol\u00edtica de Privacidad"},"content":{"rendered":"<div data-elementor-type=\"wp-page\" data-elementor-id=\"28551\" class=\"elementor elementor-28551\" data-elementor-post-type=\"page\">\n\t\t\t\t\t\t<section class=\"elementor-section elementor-top-section elementor-element elementor-element-a580e6e elementor-section-boxed elementor-section-height-default elementor-section-height-default\" data-id=\"a580e6e\" data-element_type=\"section\">\n\t\t\t\t\t\t<div class=\"elementor-container elementor-column-gap-default\">\n\t\t\t\t\t<div class=\"elementor-column elementor-col-100 elementor-top-column elementor-element elementor-element-195745c9\" data-id=\"195745c9\" data-element_type=\"column\">\n\t\t\t<div class=\"elementor-widget-wrap elementor-element-populated\">\n\t\t\t\t\t\t<div class=\"elementor-element elementor-element-58c77de elementor-widget elementor-widget-heading\" data-id=\"58c77de\" data-element_type=\"widget\" data-widget_type=\"heading.default\">\n\t\t\t\t<div class=\"elementor-widget-container\">\n\t\t\t<h1 class=\"elementor-heading-title elementor-size-default\">Pol\u00edtica de Privacidad<\/h1>\t\t<\/div>\n\t\t\t\t<\/div>\n\t\t\t\t<div class=\"elementor-element elementor-element-bb4894 elementor-widget elementor-widget-text-editor\" data-id=\"bb4894\" data-element_type=\"widget\" data-widget_type=\"text-editor.default\">\n\t\t\t\t<div class=\"elementor-widget-container\">\n\t\t\t\t\t\t\t<p><strong>\u00bfQui\u00e9n es el responsable del tratamiento de sus datos?<\/strong><\/p>\n<p>\u00a0<\/p>\n<p><strong>Responsable de los datos<\/strong>: 1VEST-IMMO PROPERTIES SL<\/p>\n<p><strong>N\u00famero de identificaci\u00f3n<\/strong>: B93571685<\/p>\n<p><strong>Direcci\u00f3n fiscal<\/strong>: Avenida REINA SOFIA, 47, 5A, CP 29680 ESTEPONA, M\u00e1laga<\/p>\n<p><strong>Phone<\/strong>: 657432857<\/p>\n<p><strong>Correo electr\u00f3nico<\/strong>: cathy@1vest-immo.com<\/p>\n<p>\u00a0<\/p>\n<p><strong>\u00bfCu\u00e1les son sus derechos cuando nos facilita sus datos?<\/strong><\/p>\n<p>Cualquier persona tiene derecho a obtener confirmaci\u00f3n sobre si estamos tratando datos personales que le conciernen o no. En este sentido, tiene derecho a solicitar<\/p>\n<p>\u00a0<\/p>\n<p><strong>Acceso<\/strong>: La persona que nos facilite sus datos tendr\u00e1 derecho a obtener del responsable del tratamiento la confirmaci\u00f3n de si se est\u00e1n tratando o no los datos que le conciernen, as\u00ed como informaci\u00f3n detallada sobre determinados aspectos del tratamiento que se est\u00e1 llevando a cabo.<\/p>\n<p>\u00a0<\/p>\n<p><strong>Rectificaci\u00f3n<\/strong>: La persona que nos proporcione sus datos tendr\u00e1 derecho a obtener la rectificaci\u00f3n de los datos personales inexactos que le conciernan o a completar aquellos que estuvieran incompletos.<\/p>\n<p>\u00a0<\/p>\n<p><strong>Supresi\u00f3n<\/strong>: La persona que nos proporcione sus datos tendr\u00e1 derecho a solicitar la supresi\u00f3n de sus datos personales; en todo caso, la supresi\u00f3n estar\u00e1 sujeta a los l\u00edmites establecidos en la norma reglamentaria.<\/p>\n<p>\u00a0<\/p>\n<p><strong>Limitaci\u00f3n de su tratamiento<\/strong>: La persona que nos proporcione sus datos tendr\u00e1 derecho a solicitar la limitaci\u00f3n del tratamiento de sus datos personales.<\/p>\n<p>\u00a0<\/p>\n<p><strong>Oposici\u00f3n al tratamiento<\/strong>: En determinadas circunstancias, y por motivos relacionados con su situaci\u00f3n particular, las personas que nos faciliten sus datos podr\u00e1n oponerse a su tratamiento. La entidad dejar\u00e1 de tratarlos, salvo por motivos leg\u00edtimos imperiosos, o el ejercicio o la defensa de posibles reclamaciones.<\/p>\n<p>\u00a0<\/p>\n<p><strong>Derecho a la portabilidad de sus datos<\/strong>: La persona que nos proporcione sus datos tendr\u00e1 derecho a recibir los datos personales que le conciernen, aquellos que haya facilitado al responsable del tratamiento, en un formato estructurado, de uso com\u00fan y lectura mec\u00e1nica, as\u00ed como a transmitirlos a cualquier otro responsable del tratamiento.<\/p>\n<p>\u00a0<\/p>\n<p>Usted puede ejercer los derechos mencionados dirigi\u00e9ndose al responsable. Para ello, puede utilizar los datos de contacto facilitados al principio de este documento. Si desea obtener informaci\u00f3n adicional sobre el ejercicio de sus derechos, tambi\u00e9n puede dirigirse a la Agencia Espa\u00f1ola de Protecci\u00f3n de Datos (AEPD). Asimismo, le informamos de que, si lo considera oportuno, tiene derecho a retirar en cualquier momento el consentimiento otorgado para cualquier finalidad concreta, sin que ello afecte a la licitud del tratamiento, basado en el consentimiento previo a su retirada.<\/p>\n<p>Asimismo, le informamos que nuestra entidad ha designado un Delegado de Protecci\u00f3n de Datos encargado de velar por el cumplimiento de la normativa de protecci\u00f3n de datos en los tratamientos realizados por nuestra entidad.<\/p>\n<p>En el caso de que entienda que sus derechos no han sido atendidos adecuadamente, puede presentar una reclamaci\u00f3n ante la Agencia Espa\u00f1ola de Protecci\u00f3n de Datos (C\/ Jorge Juan, 6 &#8211; 28001 Madrid o en www.agpd.es).<\/p>\n<p>Cuestiones espec\u00edficas de cada actividad de tratamiento:<\/p>\n<p>\u00a0<\/p>\n<p><strong>TRATAMIENTO DE FLECHAS DE SEGURIDAD<\/strong><\/p>\n<p>\u00a0<\/p>\n<p><strong>\u00bfCon qu\u00e9 finalidad tratamos sus datos personales?<\/strong><\/p>\n<p>Gesti\u00f3n y notificaci\u00f3n de violaciones de seguridad<\/p>\n<p>\u00a0<\/p>\n<p><strong>\u00bfDurante cu\u00e1nto tiempo trataremos sus datos?<\/strong><\/p>\n<p>Se conservar\u00e1n durante el tiempo necesario para cumplir con la finalidad para la que fueron recogidos y para determinar las posibles responsabilidades que puedan derivarse de dicha finalidad y del tratamiento de los datos. Una vez transcurrido este tiempo, ser\u00e1n cancelados \/ eliminados de oficio.<\/p>\n<p>\u00a0<\/p>\n<p><strong>\u00bfPor qu\u00e9 tratamos sus datos?<\/strong><\/p>\n<p>Obligaci\u00f3n legal del responsable.<\/p>\n<p>\u00a0<\/p>\n<p><strong>\u00bfA qu\u00e9 personas se comunicar\u00e1n sus datos?<\/strong><\/p>\n<p>Otros \u00f3rganos de la administraci\u00f3n p\u00fablica, Administraci\u00f3n Tributaria.<\/p>\n<p>\u00a0<\/p>\n<p><strong>TRATAMIENTO DE LAS COMUNICACIONES COMERCIALES<\/strong><\/p>\n<p>\u00a0<\/p>\n<p><strong>\u00bfCon qu\u00e9 finalidad tratamos sus datos personales?<\/strong><\/p>\n<p>Realizaci\u00f3n de acciones y comunicaciones comerciales y de marketing para informar y fidelizar a los clientes.<\/p>\n<p>\u00a0<\/p>\n<p><strong>\u00bfDurante cu\u00e1nto tiempo trataremos sus datos?<\/strong><\/p>\n<p>Se conservar\u00e1n durante el tiempo necesario para el cumplimiento de la finalidad para la que fueron recabados y para determinar las posibles responsabilidades que puedan derivarse de dicha finalidad y del tratamiento de los datos. Una vez transcurrido este tiempo, ser\u00e1n cancelados \/ eliminados de oficio.<\/p>\n<p>\u00a0<\/p>\n<p><strong>\u00bfPor qu\u00e9 tratamos sus datos?<\/strong><\/p>\n<p>Consentimiento del interesado, inter\u00e9s leg\u00edtimo del responsable.<\/p>\n<p>\u00a0<\/p>\n<p><strong>\u00bfA qu\u00e9 personas se comunicar\u00e1n sus datos?<\/strong><\/p>\n<p>No se ceden datos a terceros, salvo obligaciones legales.<\/p>\n<p>\u00a0<\/p>\n<p><strong>TRATAMIENTO DE CONTACTOS<\/strong><\/p>\n<p>\u00a0<\/p>\n<p><strong>\u00bfCon qu\u00e9 finalidad tratamos sus datos personales?<\/strong><\/p>\n<p>Gestionar y responder a las solicitudes de informaci\u00f3n y presupuesto, as\u00ed como mantener el contacto con fines profesionales o empresariales con las personas f\u00edsicas, incluidas las que representan a personas jur\u00eddicas, con las que la entidad mantiene una relaci\u00f3n.<\/p>\n<p>\u00a0<\/p>\n<p><strong>\u00bfDurante cu\u00e1nto tiempo trataremos sus datos?<\/strong><\/p>\n<p>Se conservar\u00e1n durante el tiempo necesario para cumplir con la finalidad para la que fueron recabados y para determinar las posibles responsabilidades que puedan derivarse de dicha finalidad y del tratamiento de los datos. Una vez transcurrido este tiempo, ser\u00e1n cancelados \/ eliminados de oficio.<\/p>\n<p>\u00a0<\/p>\n<p><strong>\u00bfPor qu\u00e9 tratamos sus datos?<\/strong><\/p>\n<p>Inter\u00e9s leg\u00edtimo del responsable.<\/p>\n<p>\u00a0<\/p>\n<p><strong>\u00bfA qu\u00e9 personas se comunicar\u00e1n sus datos?<\/strong><\/p>\n<p>No se ceden datos a terceros, salvo obligaciones legales.<\/p>\n<p>\u00a0<\/p>\n<p><strong>TRATAMIENTO DEL EJERCICIO DE DERECHOS<\/strong><\/p>\n<p>\u00a0<\/p>\n<p><strong>\u00bfCon qu\u00e9 finalidad tratamos sus datos personales?<\/strong><\/p>\n<p>Gesti\u00f3n del ejercicio de los derechos contemplados en la legislaci\u00f3n de protecci\u00f3n de datos y de las hojas de reclamaciones.<\/p>\n<p>\u00a0<\/p>\n<p><strong>\u00bfDurante cu\u00e1nto tiempo trataremos sus datos?<\/strong><\/p>\n<p>Se conservar\u00e1n durante el tiempo necesario para resolver las reclamaciones.<\/p>\n<p>\u00a0<\/p>\n<p><strong>\u00bfPor qu\u00e9 tratamos sus datos?<\/strong><\/p>\n<p>Obligaci\u00f3n legal del responsable.<\/p>\n<p>\u00a0<\/p>\n<p><strong>\u00bfA qu\u00e9 personas se comunicar\u00e1n sus datos?<\/strong><\/p>\n<p>A otros \u00f3rganos de la administraci\u00f3n p\u00fablica.<\/p>\n<p>\u00a0<\/p>\n<p><strong>TRATAMIENTO DE LA PRESTACI\u00d3N DE SERVICIOS.<\/strong><\/p>\n<p>\u00a0<\/p>\n<p><strong>\u00bfCon qu\u00e9 finalidad tratamos sus datos personales?<\/strong><\/p>\n<p>Prestaci\u00f3n de nuestros servicios derivados de la actividad, Gesti\u00f3n fiscal y contable para cumplir con las obligaciones legales.<\/p>\n<p>\u00a0<\/p>\n<p><strong>\u00bfDurante cu\u00e1nto tiempo trataremos sus datos?<\/strong><\/p>\n<p>Se conservar\u00e1n durante el tiempo necesario para cumplir con la finalidad para la que fueron recabados y para determinar las posibles responsabilidades que puedan derivarse de dicha finalidad y del tratamiento de los datos. Una vez transcurrido este tiempo, ser\u00e1n cancelados \/ eliminados de oficio.<\/p>\n<p><strong>\u00a0<\/strong><\/p>\n<p><strong>\u00bfPor qu\u00e9 tratamos sus datos?<\/strong><\/p>\n<p>Relaci\u00f3n contractual para la ejecuci\u00f3n de un contrato.<\/p>\n<p>\u00a0<\/p>\n<p><strong>\u00bfA qu\u00e9 personas se comunicar\u00e1n sus datos?<\/strong><\/p>\n<p>Organismos o personas directamente relacionadas con el responsable, Administraci\u00f3n Tributaria.<\/p>\n<p>\u00a0<\/p>\n<p><strong>TRATAMIENTO DE PREVENCI\u00d3N DE BLANQUEO DE CAPITALES<\/strong><\/p>\n<p>\u00a0<\/p>\n<p><strong>\u00bfCon qu\u00e9 finalidad tratamos sus datos personales?<\/strong><\/p>\n<p>Permitir el cumplimiento de la Ley de Prevenci\u00f3n de Blanqueo de Capitales y Financiaci\u00f3n del Terrorismo en relaci\u00f3n con los indicios o sospechas de blanqueo de capitales que se puedan conocer en el ejercicio de nuestra actividad.<\/p>\n<p>\u00a0<\/p>\n<p><strong>\u00bfDurante cu\u00e1nto tiempo trataremos sus datos?<\/strong><\/p>\n<p>Se conservar\u00e1n durante el tiempo necesario para el cumplimiento de la finalidad para la que fueron recabados y para determinar las posibles responsabilidades que pudieran derivarse de dicha finalidad y del tratamiento de los datos. Una vez transcurrido este tiempo, ser\u00e1n cancelados \/ eliminados de oficio.<\/p>\n<p>\u00a0<\/p>\n<p><strong>\u00bfPor qu\u00e9 tratamos sus datos?<\/strong><\/p>\n<p>Obligaci\u00f3n legal del responsable.<\/p>\n<p>\u00a0<\/p>\n<p><strong>\u00bfA qu\u00e9 personas se comunicar\u00e1n sus datos?<\/strong><\/p>\n<p>A otros \u00f3rganos de la administraci\u00f3n p\u00fablica.<\/p>\n<p>\u00a0<\/p>\n<p><strong>TRATAMIENTO DE PROVEEDORES<\/strong><\/p>\n<p>\u00a0<\/p>\n<p><strong>\u00bfCon qu\u00e9 finalidad tratamos sus datos personales?<\/strong><\/p>\n<p>Gesti\u00f3n de la relaci\u00f3n comercial con los proveedores.<\/p>\n<p>\u00a0<\/p>\n<p><strong>\u00bfDurante cu\u00e1nto tiempo trataremos sus datos?<\/strong><\/p>\n<p>Se conservar\u00e1n durante el tiempo necesario para el cumplimiento de la finalidad para la que fueron recabados y para determinar las posibles responsabilidades que se deriven de dicha finalidad y del tratamiento de los datos Una vez transcurrido este tiempo, ser\u00e1n cancelados \/ eliminados de oficio.<\/p>\n<p>\u00a0<\/p>\n<p><strong>\u00bfPor qu\u00e9 tratamos sus datos?<\/strong><\/p>\n<p>Relaci\u00f3n contractual para la ejecuci\u00f3n de un contrato.<\/p>\n<p>\u00a0<\/p>\n<p><strong>\u00bfA qu\u00e9 personas se comunicar\u00e1n sus datos?<\/strong><\/p>\n<p>Administraci\u00f3n tributaria, Bancos, cajas de ahorro y cajas rurales.<\/p>\n<p>\u00a0<\/p>\n<p><strong>TRATAMIENTO DE LOS RECURSOS HUMANOS<\/strong><\/p>\n<p>\u00a0<\/p>\n<p><strong>\u00bfCon qu\u00e9 finalidad tratamos sus datos personales?<\/strong><\/p>\n<p>Gesti\u00f3n del personal laboral de la entidad, incluyendo la prevenci\u00f3n de riesgos laborales y el control horario.<\/p>\n<p>\u00a0<\/p>\n<p><strong>\u00bfDurante cu\u00e1nto tiempo trataremos tus datos?<\/strong><\/p>\n<p>Se conservar\u00e1n durante el tiempo necesario para el cumplimiento de la finalidad para la que fueron recabados y para determinar las posibles responsabilidades que puedan derivarse de dicha finalidad y del tratamiento de los datos. Una vez transcurrido este tiempo, ser\u00e1n cancelados \/ eliminados de oficio.<\/p>\n<p>\u00a0<\/p>\n<p><strong>\u00bfPor qu\u00e9 tratamos sus datos?<\/strong><\/p>\n<p>Relaci\u00f3n contractual para la ejecuci\u00f3n de un contrato, inter\u00e9s leg\u00edtimo del responsable, obligaci\u00f3n legal del responsable.<\/p>\n<p>\u00a0<\/p>\n<p><strong>\u00bfA qu\u00e9 personas se comunicar\u00e1n sus datos?<\/strong><\/p>\n<p>Organismos o personas directamente relacionadas con el responsable, Bancos, Cajas de Ahorro y Cajas Rurales, Administraci\u00f3n Tributaria, Organismos de la Seguridad Social, otros organismos de la Administraci\u00f3n P\u00fablica.<\/p>\t\t\t\t\t\t<\/div>\n\t\t\t\t<\/div>\n\t\t\t\t\t<\/div>\n\t\t<\/div>\n\t\t\t\t\t<\/div>\n\t\t<\/section>\n\t\t\t\t<\/div>","protected":false},"excerpt":{"rendered":"<p>Pol\u00edtica de Privacidad \u00bfQui\u00e9n es el responsable del tratamiento de sus datos? \u00a0 Responsable de los datos: 1VEST-IMMO PROPERTIES SL N\u00famero de identificaci\u00f3n: B93571685 Direcci\u00f3n fiscal: Avenida REINA SOFIA, 47, 5A, CP 29680 ESTEPONA, M\u00e1laga Tel\u00e9fono: 657432857 Correo electr\u00f3nico: cathy@1vest-immo.com \u00a0 \u00bfCu\u00e1les son sus derechos cuando nos facilita sus datos? Cualquier persona tiene derecho a &#8230;<\/p>","protected":false},"author":1,"featured_media":0,"parent":0,"menu_order":0,"comment_status":"closed","ping_status":"closed","template":"terms_conditions.php","meta":{"footnotes":""},"class_list":["post-28551","page","type-page","status-publish","hentry"],"_links":{"self":[{"href":"https:\/\/group1vestrentals.com\/en\/wp-json\/wp\/v2\/pages\/28551","targetHints":{"allow":["GET"]}}],"collection":[{"href":"https:\/\/group1vestrentals.com\/en\/wp-json\/wp\/v2\/pages"}],"about":[{"href":"https:\/\/group1vestrentals.com\/en\/wp-json\/wp\/v2\/types\/page"}],"author":[{"embeddable":true,"href":"https:\/\/group1vestrentals.com\/en\/wp-json\/wp\/v2\/users\/1"}],"replies":[{"embeddable":true,"href":"https:\/\/group1vestrentals.com\/en\/wp-json\/wp\/v2\/comments?post=28551"}],"version-history":[{"count":4,"href":"https:\/\/group1vestrentals.com\/en\/wp-json\/wp\/v2\/pages\/28551\/revisions"}],"predecessor-version":[{"id":28555,"href":"https:\/\/group1vestrentals.com\/en\/wp-json\/wp\/v2\/pages\/28551\/revisions\/28555"}],"wp:attachment":[{"href":"https:\/\/group1vestrentals.com\/en\/wp-json\/wp\/v2\/media?parent=28551"}],"curies":[{"name":"wp","href":"https:\/\/api.w.org\/{rel}","templated":true}]}}